{"id":958,"date":"2025-08-16T16:44:39","date_gmt":"2025-08-16T16:44:39","guid":{"rendered":"https:\/\/bydgoskascenabarokowa.pl\/?page_id=958"},"modified":"2025-10-25T04:55:35","modified_gmt":"2025-10-25T04:55:35","slug":"25-10-2025","status":"publish","type":"page","link":"https:\/\/bydgoskascenabarokowa.pl\/?page_id=958","title":{"rendered":"25.10.2025"},"content":{"rendered":"\n<figure class=\"wp-block-image size-full has-custom-border is-style-rounded\"><img loading=\"lazy\" decoding=\"async\" width=\"1200\" height=\"628\" src=\"http:\/\/bydgoskascenabarokowa.pl\/wp-content\/uploads\/2025\/08\/event-fb_1025.jpg\" alt=\"\" class=\"wp-image-936\" style=\"border-radius:20px\" srcset=\"https:\/\/bydgoskascenabarokowa.pl\/wp-content\/uploads\/2025\/08\/event-fb_1025.jpg 1200w, https:\/\/bydgoskascenabarokowa.pl\/wp-content\/uploads\/2025\/08\/event-fb_1025-300x157.jpg 300w, https:\/\/bydgoskascenabarokowa.pl\/wp-content\/uploads\/2025\/08\/event-fb_1025-1024x536.jpg 1024w, https:\/\/bydgoskascenabarokowa.pl\/wp-content\/uploads\/2025\/08\/event-fb_1025-768x402.jpg 768w, https:\/\/bydgoskascenabarokowa.pl\/wp-content\/uploads\/2025\/08\/event-fb_1025-1140x597.jpg 1140w\" sizes=\"auto, (max-width: 1200px) 100vw, 1200px\" \/><\/figure>\n\n\n\n<p><\/p>\n\n\n\n<h2 class=\"wp-block-heading\"><strong>Corelli i Lully na Parnasie<br><\/strong>Sala Operowa nowego kampusu AMFN w Bydgoszczy<br>25 pa\u017adziernika 2025, g. 18:00<\/h2>\n\n\n\n<div class=\"wp-block-buttons is-layout-flex wp-block-buttons-is-layout-flex\">\n<div class=\"wp-block-button is-style-outline is-style-outline--1\"><a class=\"wp-block-button__link wp-element-button\" href=\"https:\/\/evently.pl\/events\/10081-bsb2025-corelli-i-lully-na-parnasie\" target=\"_blank\" rel=\"noreferrer noopener\">bilety<\/a><\/div>\n\n\n\n<div class=\"wp-block-button is-style-outline is-style-outline--2\"><a class=\"wp-block-button__link wp-element-button\" href=\"https:\/\/evently.pl\/events?filter%5Bpharse%5D=BSB2025&amp;filter%5Btype%5D=&amp;filter%5Bfrom_date%5D=01.08.2025+00%3A00&amp;filter%5Bto_price%5D=0\" target=\"_blank\" rel=\"noreferrer noopener\">wszystkie bilety<\/a><\/div>\n\n\n\n<div class=\"wp-block-button is-style-outline is-style-outline--3\"><a class=\"wp-block-button__link wp-element-button\" href=\"https:\/\/evently.pl\/events\/10087-bydgoska-scena-barokowa-bsb2025\" target=\"_blank\" rel=\"noreferrer noopener\">karnety BSB2025<\/a><\/div>\n<\/div>\n\n\n\n<p><\/p>\n\n\n\n<p><strong>WYKONAWCY<\/strong><br>Dariusz Brojek, Krzysztof Antkowiak, Nikoleta Giankaki &#8211; taniec, pantomima<br>Uczennice sekcji rytmiki PZSM im. A. Rubinsteina w Bydgoszczy &#8211; taniec, pantomima (opieka: Agnieszka Kucharska-Borkowska, Anna \u015awieca, Marcelina Schweda)<br><br><strong>zesp\u00f3\u0142 Intemperata <\/strong>w sk\u0142adzie:<br>S\u0142awomir Dr\u00f3zd, Olga Musia\u0142 Kurzawska &#8211; flet traverso<br>Micha\u0142 Marcinkowski, Marcin Tarnawski &#8211; skrzypce barokowe<br>Matthias Bergmann &#8211; viola da gamba<br>Klaudyna \u017bo\u0142nierek, Maria Wilgos &#8211; teorba\/gitara<br>Beniamin Lewi &#8211; fagot barokowy<br>Dorota Zimna &#8211; klawesyn<br><br>Dariusz Brojek &#8211; choreografia<\/p>\n\n\n\n<p><strong>PROGRAM<\/strong><br><strong>Fran\u00e7ois Couperin (1668\u20131733):<br>Huiti\u00e8me Concert dans le go\u00fbt Th\u00e9atral (\u00d3smy Koncert w stylu teatralnym).<\/strong><br> <strong><em> <\/em><\/strong><em><strong>       Ouverture<\/strong> &#8211; Air tendre &#8211; Air de Baccantes<\/em><br><strong>Le Parnasse, ou L&#8217;apoth\u00e9ose de Corelli. Grande Sonade en trio<\/strong><br><em>\u2022 Corelli au pi\u00e9d du Parnasse prie les Muses de le recevoir parmi elles<\/em> (<em>Corelli u st\u00f3p Parnasu prosi Muzy o przyj\u0119cie do ich grona<\/em>),<br>\u2022<em> Corelli charm\u00e9 de la bonne r\u00e9ception qu&#8217;on lui fait au Parnasse, en marque sa joye. Il continu\u00eb avec ceux qui l&#8217;accompagnent<\/em><br> (<em>Corelli oczarowany gor\u0105cym przyj\u0119ciem jakie przygotowano mu na Parnasie, wyra\u017ca swoj\u0105 rado\u015b\u0107. Kontynuuje swoj\u0105 podr\u00f3\u017c z tymi, kt\u00f3rzy mu towarzysz\u0105<\/em>)<br>\u2022<em> Corelli buvant \u00e0 la Source d&#8217; Hypocr\u00eane, sa troupe continue<\/em> (<em>Corelli pije ze \u017ar\u00f3d\u0142a Hypocr\u00eane, jego trupa idzie dalej<\/em>)<br>\u2022 <em>Entouziasme de Corelli caus\u00e9 par les eaux d&#8217;Hypocr\u00eane<\/em> (<em>Wody ze \u017ar\u00f3d\u0142a Hypocr\u00eane wywo\u0142uj\u0105 o\u017cywienie Corellego<\/em>)<br>\u2022 <em>Corelli apr\u00e9s son entouziasme s&#8217;endort; et sa troupe jou\u00eb le sommeil suivant<\/em> (<em>Zm\u0119czony Corelli zasypia; jego trupa gra mu do snu<\/em>)<br>\u2022 <em>Les Muses reveillent Corelli, et le placent aupr\u00eas d&#8217;Apollon<\/em> (<em>Muzy budz\u0105 Corellego i umieszczaj\u0105 go obok Apollona<\/em>)<br>\u2022<em> Remerciment de Corelli<\/em> (<em>Podzi\u0119kowanie Corellego<\/em>)<\/p>\n\n\n\n<p class=\"has-text-align-left\"><strong>Concert instrumental sous le titre d&#8217;Apoth\u00e9ose compos\u00e9 \u00e0 la m\u00e9moire immortelle de l&#8217;incomparable Monsieur de Lully<br>(Koncert instrumentalny pod tytu\u0142em Apoteoza skomponowana dla uczczenia wiecznej pami\u0119ci niezr\u00f3wnanego Monsieur de Lully)<\/strong><br><em>\u2022 Lulliy aux Champs \u00c9lis\u00e9s: concertant avec les ombres liriques <\/em>(<em>Lully na na Polach Elizejskich: koncertuje z muzycznymi cieniami<\/em>)<br>\u2022 <em>Air pour les m\u00eame<\/em>s (<em>Aria dla nich<\/em>)<br><em>\u2022 Vol de Mercure aux Champs \u00c9lis\u00e9s, pour avertir qu&#8217;Apollon y va descendre<\/em> (<em>Przybycie Merkurego na Pola Elizejskie z zapowiedzi\u0105 zst\u0105pienia Apollona<\/em>)<br><em>\u2022 Descendre d&#8217;Apollon: qui vient offrir son violon \u00e0 Lulli; et sa place au Parnasse<\/em><br>  (<em>Zst\u0105pienie Apollona, kt\u00f3ry przybywa ofiarowa\u0107 Lully&#8217;emu swoje skrzypce oraz miejsce na Parnasie<\/em>)<br><em>\u2022 Rumeur souteraine: caus\u00e9e par les autres-contemporains de Lulli<\/em> (<em>Ha\u0142asy z podziemia: spowodowane przez wsp\u00f3\u0142czesnych Lully&#8217;emu<\/em>)<br><em>\u2022 Plaintes des m\u00eames<\/em> (<em>Ich lament<\/em>y)<br>\u2022 <em>Enl\u00e9vement de Lulli au Parnasse<\/em> (<em>Wyniesienie Lully&#8217;ego na Parnas<\/em>)<br><em>\u2022 Acc\u00fceil entre-doux, et-agard, fait \u00e0 Lulli par Corelli; et par les Muses itali\u00e9nes<\/em><br>(<em>Powitanie \u2013 na wp\u00f3\u0142 mi\u0142e, na wp\u00f3\u0142 wrogie \u2013 Lully&#8217;ego przez Corellego i przez Muzy w\u0142oskie<\/em>)<br>\u2022 <em>Remerciment de Lulli: \u00e0 Apollon<\/em> (<em>Podzi\u0119kowanie Lully&#8217;ego dla Apollona<\/em>)<br>ESSAI en forme d&#8217;Ouverture (ESEJ w formie Uwertury)<br>\u2022 <em>Apollon, persuade Lulli, et Corelli, que la r\u00e9\u00fcnion des go\u00fbts fran\u00e7ois et italien doit faire la perfection de la musique (Lulli et les Muses fran\u00e7oises, Corelli et les Muses itali\u00e9nes)<\/em><br>(<em>Apollo przekonuje Lully&#8217;ego i Corellego, \u017ce zjednoczenie styl\u00f3w francuskiego i w\u0142oskiego musi uczyni\u0107 muzyk\u0119 doskona\u0142\u0105 [Lully i Muzy francuskie; Corelli i Muzy w\u0142oskie]<\/em>)<br>\u2022 <em>Lulli jo\u00fcant le sujet; et Corelli l&#8217;acompagnant<\/em> (<em>Lully gra melodi\u0119, a Corelli mu akompaniuje<\/em>)<br>\u2022 Corelli jo\u00fcant le sujet \u00e0 son tour, que Lulli acompagne (<em>Corelli z kolei gra temat, a Lully akompaniuje<\/em>)<br><em>La Paix du Parnasse<\/em>, faite aux Conditions, sur la remontrance des Muses fran\u00e7oises, que lorsqu&#8217;on y parleroit leur langue, on diroit dor\u00e9navant Sonade, Cantade;<br>Ainsi qu&#8217;on prononce, Ballade, S\u00e9r\u00e9nade; &amp;c.<br>(<em>Pok\u00f3j na Parnasie, przyj\u0119ty pod warunkiem postawionym przez Muzy francuskie, \u017ce je\u015bli b\u0119dzie m\u00f3wi\u0107 si\u0119<br>w ich j\u0119zyku, to w przysz\u0142o\u015bci powie si\u0119 Sonade, Cantade; skoro wymawia si\u0119 Ballade, S\u00e9r\u00e9nade<\/em>)<br><em>\u2022 Sonade en trio (Lulli et les Muses fran\u00e7oises, Corelli et les Muses itali\u00e9nes)<\/em><br>(<em>Sonade en trio [Lully i Muzy francuskie; Corelli i Muzy w\u0142oskie]<\/em>)<br>\u2022<em> Saillie <\/em>(<em>Wyst\u0119p<\/em>)<\/p>\n\n\n\n<details class=\"wp-block-details is-layout-flow wp-block-details-is-layout-flow\"><summary>O PROGRAMIE<\/summary>\n<p>Tw\u00f3rczo\u015b\u0107 kameralna Fran\u00e7ois Couperina, wci\u0105\u017c pozostaj\u0105ca w cieniu jego kompozycji klawesynowych, jest zachwycaj\u0105cym przyk\u0142adem przejmuj\u0105cej, zmys\u0142owej i dopracowanej w ka\u017cdym szczeg\u00f3le muzyki kameralnej. Do najbardziej niezwyk\u0142ych kompozycji nale\u017c\u0105 dwie suity programowe &#8211; <em>L&#8217;apoth\u00e9ose de Corelli i L&#8217;apoth\u00e9ose de Lully.<\/em><\/p>\n\n\n\n<p>Termin \u201eapoteoza\u201d, czyli ukazanie w \u015bwietno\u015bci i chwale jakiej\u015b postaci lub wydarzenia, do\u015b\u0107 rzadko spotykany jest w muzyce, cz\u0119\u015bciej wykorzystywany w dzie\u0142ach literackich. Ju\u017c samo zatytu\u0142owanie utworu<em> L&#8217;apoth\u00e9ose<\/em> \u015bwiadczy o ch\u0119ci przekazania podziwu, o swoistej czci dla danej osoby. Couperin otwarcie pisa\u0142 w swoich tekstach o uwielbieniu dla Corellego (<em>&#8222;&#8230;utwory Corellego, kt\u00f3re b\u0119d\u0119 kocha\u0142 tak d\u0142ugo jak \u017cyj\u0119..&#8221;<\/em>) i Lully\u2019ego (&#8222;&#8230; najwi\u0119kszego cz\u0142owieka muzyki jakiego wyda\u0142 ostatni wieki..&#8221;.), i da\u0142 temu wyraz w\u0142a\u015bnie w tych rozbudowanych, narracyjnych utworach.<\/p>\n\n\n\n<p>Poetycka, ba\u015bniowa tre\u015b\u0107 utwor\u00f3w w pe\u0142ni uzasadnia podnios\u0142y tytu\u0142. Parnas, na kt\u00f3ry w prezentowanej historii trafia najpierw Corelli, a potem Lully, to masyw g\u00f3rski (\u015br. Grecja) o dw\u00f3ch szczytach, z kt\u00f3rych jeden by\u0142 przez staro\u017cytnych Grek\u00f3w po\u015bwi\u0119cony Apollinowi oraz muzom. Dzi\u0119ki zwi\u0105zkowi z muzami Parnas uwa\u017cano za siedzib\u0119 poezji i muzyki. Mo\u017cna wnioskowa\u0107, i\u017c w ten spos\u00f3b \u2013 poprzez umieszczenie wielbionych kompozytor\u00f3w na Parnasie, obok Apollina &#8211; boga pi\u0119kna, muzyki, prawdy, porz\u0105dku, patrona sztuki i poezji \u2013 stawia ich Couperin niejako na r\u00f3wni z samym b\u00f3stwem; sugeruje, \u017ce pi\u0119kno ich muzyki charakteryzuje boska wr\u0119cz doskona\u0142o\u015b\u0107 i powstawa\u0107 musia\u0142a pod wp\u0142ywem boskiego natchnienia.<\/p>\n\n\n\n<p>Zestawienie w niniejszym programie dw\u00f3ch Apoteoz jest podyktowane nie tylko ci\u0105g\u0142o\u015bci\u0105 narracji pomi\u0119dzy utworami. Te dwa dzie\u0142a, po\u015bwi\u0119cone dw\u00f3m wybitnym kompozytorom \u2013 w\u0142oskiemu, i francuskiemu, oddaje ide\u0119 fuzji styl\u00f3w, kt\u00f3r\u0105 wyznawa\u0142 Couperin, i kt\u00f3r\u0105 najzwi\u0119\u017alej obrazuj\u0105 s\u0142owa couperina z drugiej cz\u0119\u015bci <em>L\u2019apotheose de Lully<\/em>: &#8222;zjednoczenie styl\u00f3w francuskiego i w\u0142oskiego musi uczyni\u0107 muzyk\u0119 doskona\u0142\u0105\u201d.<\/p>\n\n\n\n<p>Wydaje si\u0119, i\u017c Couperin, z jednej strony na wskro\u015b \u201efrancuski\u201d stylistycznie, z drugiej \u201ew\u0142oski\u201d w swojej narracyjnej pomys\u0142owo\u015bci, stworzy\u0142 w\u0142a\u015bnie to, do czego d\u0105\u017cy\u0142 \u2013 muzyk\u0119 doskonal\u0105, doskona\u0142\u0105 w swoim metaforycznym pi\u0119knie.<\/p>\n\n\n\n<p><em>Dorota ZImna  <\/em><\/p>\n<\/details>\n\n\n\n<p><em>   <\/em><\/p>\n\n\n\n<figure class=\"wp-block-image size-large is-resized\"><img loading=\"lazy\" decoding=\"async\" width=\"1024\" height=\"802\" src=\"https:\/\/bydgoskascenabarokowa.pl\/wp-content\/uploads\/2025\/09\/intemperata-foto-1024x802.jpg\" alt=\"\" class=\"wp-image-1095\" style=\"width:659px;height:auto\" srcset=\"https:\/\/bydgoskascenabarokowa.pl\/wp-content\/uploads\/2025\/09\/intemperata-foto-1024x802.jpg 1024w, https:\/\/bydgoskascenabarokowa.pl\/wp-content\/uploads\/2025\/09\/intemperata-foto-300x235.jpg 300w, https:\/\/bydgoskascenabarokowa.pl\/wp-content\/uploads\/2025\/09\/intemperata-foto-768x602.jpg 768w, https:\/\/bydgoskascenabarokowa.pl\/wp-content\/uploads\/2025\/09\/intemperata-foto-1091x855.jpg 1091w, https:\/\/bydgoskascenabarokowa.pl\/wp-content\/uploads\/2025\/09\/intemperata-foto.jpg 1100w\" sizes=\"auto, (max-width: 1024px) 100vw, 1024px\" \/><\/figure>\n\n\n\n<p><\/p>\n\n\n\n<details class=\"wp-block-details is-layout-flow wp-block-details-is-layout-flow\"><summary><strong>INTEMPERATA<\/strong><\/summary>\n<p>Trzon zespo\u0142u stanowi\u0105 absolwenci Akademii Muzycznej im. F. Nowowiejskiego w Bydgoszczy, wsp\u00f3\u0142za\u0142o\u017cyciele stowarzyszenia Akademia Muzyki Dawnej zrzeszaj\u0105cego muzyk\u00f3w dzia\u0142aj\u0105cych na gruncie historycznych praktyk wykonawczych, kilkoro jest tak\u017ce wyk\u0142adowcami w Katedrze Klawesynu, Organ\u00f3w i Muzyki Dawnej bydgoskiej uczelni. W sk\u0142ad zespo\u0142u wchodzi ponadto wielu instrumentalist\u00f3w graj\u0105cych wymiennie w zale\u017cno\u015bci od aktualnie przygotowywanego repertuaru. Poszczeg\u00f3lni muzycy s\u0105 zwi\u0105zani z wieloma instytucjami kulturalnymi w ca\u0142ej Polsce, prowadz\u0105c bogat\u0105 dzia\u0142alno\u015b\u0107 artystyczn\u0105 i pedagogiczn\u0105. Zr\u00f3\u017cnicowany repertuar zespo\u0142u obejmuje zar\u00f3wno znane dzie\u0142a muzyki barokowej, jak i te rzadko wykonywane, kt\u00f3re podczas koncert\u00f3w przyjmowane s\u0105 z wielkim entuzjazmem. Szczeg\u00f3lne miejsce w repertuarze zespo\u0142u zajmuje muzyka polska. Efektem tych zainteresowa\u0144 jest m.in. p\u0142yta <em>Go\u015bciniec\/Alta Via<\/em>, wydana w 2018 r., na kt\u00f3rej zesp\u00f3\u0142 zarejestrowa\u0142 utwory A. Jarz\u0119bskiego, M. Mielczewskiego i S.S. Szarzy\u0144skiego. Zesp\u00f3\u0142 ma w swoim repertuarze r\u00f3\u017cnorodne, niebanalne propozycje koncertowe, np. \u201eIl Ciel e la Terra\u201d z madryga\u0142ami C. Monteverdiego czy \u201eOgrody Wersalu\u201d &#8211; oparty na XVII i XVIII wiecznej muzyce francuskiej fabularyzowany spektakl wokalno-instrumentalny z elementami barokowego ta\u0144ca. Zesp\u00f3\u0142 wyst\u0119powa\u0142 na wielu presti\u017cowych festiwalach, m.in. Bydgoski Festiwal Muzyczny (Filharmonia Pomorska), Vivat Curlandia! (Bauska, \u0141otwa), Na Gotyckim Szlaku, Bydgoska Scena Barokowa, Rhein Neckar Barock (Niemcy), Dolnosl\u0105ski Festiwal Muzyczny, Festiwal Telemannowski.<\/p>\n<\/details>\n\n\n\n<p><\/p>\n\n\n\n<figure class=\"wp-block-image size-full\"><img loading=\"lazy\" decoding=\"async\" width=\"320\" height=\"327\" src=\"https:\/\/bydgoskascenabarokowa.pl\/wp-content\/uploads\/2025\/09\/Dariusz-Brojek.png\" alt=\"\" class=\"wp-image-1094\" srcset=\"https:\/\/bydgoskascenabarokowa.pl\/wp-content\/uploads\/2025\/09\/Dariusz-Brojek.png 320w, https:\/\/bydgoskascenabarokowa.pl\/wp-content\/uploads\/2025\/09\/Dariusz-Brojek-294x300.png 294w\" sizes=\"auto, (max-width: 320px) 100vw, 320px\" \/><\/figure>\n\n\n\n<p><\/p>\n\n\n\n<details class=\"wp-block-details is-layout-flow wp-block-details-is-layout-flow\"><summary><strong>Dariusz Brojek<\/strong><\/summary>\n<p>Absolwent Pa\u0144stwowej Szko\u0142y Baletowej w Gda\u0144sku. Do\u015bwiadczenie w zakresie ta\u0144ca klasycznego zdobywa\u0142 w zespo\u0142ach Opery Ba\u0142tyckiej oraz Dolno\u015bl\u0105skiej. Umiej\u0119tno\u015bci w zakresie techniki ta\u0144ca dawnego doskonali\u0142 pod kierunkiem Romany Agnel, a tak\u017ce podczas wielu warsztat\u00f3w prowadzonych przez mistrz\u00f3w ta\u0144ca renesansowego i barokowego z Francji, W\u0142och, Hiszpanii.<\/p>\n\n\n\n<p>Jako wieloletni tancerz wraz Baletem Cracovia Danza bra\u0142 udzia\u0142 w licznych spektaklach i koncertach w kraju i poza granicami. Ta\u0144czy\u0142 rol\u0119 solistyczn\u0105 z zespo\u0142em \u201eL\u2019Eventail\u201d prowadzonym przez Marie-Genevieve Masse. Jego zainteresowania obejmuj\u0105 r\u00f3wnie\u017c taniec jazzowy, kt\u00f3rego jest dyplomowanym instruktorem. Istotne miejsce w repertuarze Cracovia Danza, zajmuj\u0105 polskie ta\u0144ce narodowe, kt\u00f3re doskonali\u0142 pod kierunkiem Leszka Rembowskiego.<\/p>\n\n\n\n<p>Jako choreograf wsp\u00f3\u0142pracuje z wieloma zespo\u0142ami i teatrami w Polsce i za granic\u0105. Asystowa\u0142 przy spektaklach operowo-baletowych w Warszawskiej Operze Kameralnej w re\u017cyserii i choreografii Romany Agnel. Jest wsp\u00f3\u0142autorem choreografii do spektakli i program\u00f3w baletu Cracovia Danza. Dla zespo\u0142u zrealizowa\u0142 mi\u0119dzy innymi takie spektakle jak: \u015api\u0105ca Kr\u00f3lewna, Pan Twardowski. Ale Bajka! (wraz z Alin\u0105 Towarnick\u0105) oraz Kopciuszek. Jest tak\u017ce tw\u00f3rc\u0105 choreografii i opracowania ruchu scenicznego do wielu przedstawie\u0144 teatralnych (Teatr im. Ludwika Solskiego w Tarnowie, Teatr Polski w Bielsku-Bia\u0142ej oraz Teatr im. Wandy Siemaszkowej w Rzeszowie) Wsp\u00f3\u0142pracowa\u0142 z londy\u0144skim Teatrem Syrena, a od 2023 roku z grup\u0105 Teatr POSK Dzieciom tworz\u0105c choreografie do spektakli teatralnych dedykowanych w\u0142a\u015bnie najm\u0142odszym widzom. Wa\u017cnym elementem dzia\u0142alno\u015bci jest edukacja nowych pokole\u0144 tancerzy. Prowadzi liczne zaj\u0119cia dla dzieci i m\u0142odzie\u017cy z zakresu ta\u0144ca dawnego oraz polskich ta\u0144c\u00f3w narodowych. W 2016 roku otrzyma\u0142 br\u0105zow\u0105 odznak\u0119 Gloria Artis, a w 2019 roku br\u0105zowy Krzy\u017c Zas\u0142ugi.<\/p>\n<\/details>\n\n\n\n<p><\/p>\n\n\n\n<figure class=\"wp-block-image size-full is-resized\"><img loading=\"lazy\" decoding=\"async\" width=\"412\" height=\"524\" src=\"https:\/\/bydgoskascenabarokowa.pl\/wp-content\/uploads\/2025\/09\/Krzysztof-Antkowiak.png\" alt=\"\" class=\"wp-image-1098\" style=\"width:312px;height:auto\" srcset=\"https:\/\/bydgoskascenabarokowa.pl\/wp-content\/uploads\/2025\/09\/Krzysztof-Antkowiak.png 412w, https:\/\/bydgoskascenabarokowa.pl\/wp-content\/uploads\/2025\/09\/Krzysztof-Antkowiak-236x300.png 236w\" sizes=\"auto, (max-width: 412px) 100vw, 412px\" \/><\/figure>\n\n\n\n<p><\/p>\n\n\n\n<details class=\"wp-block-details is-layout-flow wp-block-details-is-layout-flow\"><summary><strong>Krzysztof Antkowiak<\/strong><\/summary>\n<p>W latach 1993-1999 mim Wroc\u0142awskiego Teatru Pantomimy im. Henryka Tomaszewskiego (spektakle: Cardenio &amp; Celinda; Kaprys); wsp\u00f3\u0142za\u0142o\u017cyciel Teatru S.T.R. Walium przy Wroc\u0142awskim Teatrze Pantomimy w latach 1999-2001 (m.in. z Alkiem Sobiszewskim, Zbigniewem Szymczykiem, Ma\u0107kiem Prusakiem; Czarna Babka; Parada atrakcji, czyli umarli si\u0119 nie myj\u0105). Wsp\u00f3\u0142pracowa\u0142 z gnie\u017anie\u0144skim Teatrem im. A. Fredry (Sen nocy letniej; Czarodziejska kobza), Teatrem K-2 (Ballady Morderc\u00f3w z King\u0105 Preis i Mariuszem Dr\u0119\u017ckiem) i Teatrem Wsp\u00f3\u0142czesnym we Wroc\u0142awiu (Pietruszka), Oper\u0105 Dolno\u015bl\u0105sk\u0105 (Carmina Burana), Oper\u0105 Lipsk\u0105 (Dienstag aus Licht Karlheinza Stockhausena), Oper\u0105 Bytomsk\u0105 (Carmina Burana), Oper\u0105 Krakowsk\u0105 (Cesarz Atlantydy) a tak\u017ce Teatrem Stu (Szcz\u0119\u015bliwe dni, B\u0142\u0119kitne krewetki w re\u017c. Krzysztofa Jasi\u0144skiego).<\/p>\n\n\n\n<p>Wyst\u0119powa\u0142 na deskach Warszawskiej Opery Kameralnej, Teatru Wielkiego w Warszawie, Teatru Ludowego i Teatru Groteska w Krakowie (m.in. rola Jezusa w misterium Dialog o m\u0119ce i zmartwychwstaniu Pa\u0144skim w re\u017c. A. Weltschka). Pracowa\u0142 z wieloma tw\u00f3rcami, takimi jak: Henryk Tomaszewski, Jerzy Bielunas, Romana Agnel, Robert Skolmowski, W\u0142odzimierz Nurkowski, Jaros\u0142aw Staniek, Henryk Konwi\u0144ski, Beata Redo-Dobber. Od 1999 roku jest pracownikiem Fundacji Ardente Sole, a od roku 2006 pracuje jako tancerz i aktor Baletu Cracovia Danza. Umiej\u0119tno\u015bci w zakresie ta\u0144ca dawnego doskonali\u0142 pod okiem takich specjalist\u00f3w jak: Romana Agnel, Marie-Claire B\u00e4r Le Corre, Fran\u00e7oise Deniau, Marie-Genevieve Masse, Irene Ginger, Barbara Sparti czy Leszek Rembowski. Jako tancerz Baletu Cracovia Danza stworzy\u0142 role m.in. Sta\u0144czyka, W\u0142adys\u0142awa Jagie\u0142\u0142y, Lodovico Sforzy Don Kichota czy Pana Twardowskiego. Jest artyst\u0105 charakterystycznym, buduj\u0105cym swoje rol\u0119 na bazie ta\u0144ca i ruchu pantomimicznego. Prowadzi cykliczne zaj\u0119cia i warsztaty edukacyjne w zakresie pantomimy. Wieloletni wyk\u0142adowca sztuki pantomimy na Festiwalu Ta\u0144c\u00f3w Dworskich Cracovia Danza oraz szko\u0142y Drama Studio w Krakowie. Wsp\u00f3\u0142pracuje r\u00f3wnie\u017c z Teatrem Sztuk w Ole\u015bnicy.<br>W 2016 roku zosta\u0142 uhonorowany odznak\u0105 Honoris Gratia za ca\u0142okszta\u0142t tw\u00f3rczo\u015bci, przez Prezydenta Miasta Krakowa Jacka Majchrowskiego, a w 2019 roku Br\u0105zowym Krzy\u017cem Zas\u0142ugi przyznanym przez Prezydenta Rzeczpospolitej Polskiej Andrzeja Dud\u0119.<\/p>\n<\/details>\n\n\n\n<p><\/p>\n\n\n\n<figure class=\"wp-block-image size-full\"><img loading=\"lazy\" decoding=\"async\" width=\"360\" height=\"360\" src=\"https:\/\/bydgoskascenabarokowa.pl\/wp-content\/uploads\/2025\/09\/Nikoleta-Giankaki.png\" alt=\"\" class=\"wp-image-1097\" srcset=\"https:\/\/bydgoskascenabarokowa.pl\/wp-content\/uploads\/2025\/09\/Nikoleta-Giankaki.png 360w, https:\/\/bydgoskascenabarokowa.pl\/wp-content\/uploads\/2025\/09\/Nikoleta-Giankaki-300x300.png 300w, https:\/\/bydgoskascenabarokowa.pl\/wp-content\/uploads\/2025\/09\/Nikoleta-Giankaki-150x150.png 150w\" sizes=\"auto, (max-width: 360px) 100vw, 360px\" \/><\/figure>\n\n\n\n<p><\/p>\n\n\n\n<details class=\"wp-block-details is-layout-flow wp-block-details-is-layout-flow\"><summary><strong>Nikoleta Giankaki<\/strong><\/summary>\n<p>Tancerka, choreografka i pedagog ta\u0144ca pochodz\u0105ca z Grecji. Absolwentka Uniwersytetu Arystotelesa w Salonikach oraz Wy\u017cszej Zawodowej Szko\u0142y Ta\u0144ca \u201eAndromachi Kafantari\u201d. W latach 2016\u20132024 by\u0142a solistk\u0105 Baletu Cracovia Danza, specjalizuj\u0105c si\u0119 w repertuarze historycznym (renesans, barok, \u015bredniowiecze) oraz ta\u0144cach narodowych i charakterystycznych. Kreowa\u0142a g\u0142\u00f3wne role w spektaklach barokowych, m.in. \u201eArmida\u201d oraz \u201eLes Boreades\u201d, a tak\u017ce w demi-klasycznych \u201eKopciuszek\u201d.<\/p>\n\n\n\n<p>Jako asystent choreografa wsp\u00f3\u0142pracowa\u0142a, przy realizacji \u201eWater Music\u201d (2024) chor. Pierre-Fran\u00e7ois Dolle oraz \u201eKopciuszek\u201d (2023) chor. Dariusz Brojek. Od 2017 roku prowadzi warsztaty taneczne w Polsce i za granic\u0105, \u0142\u0105cz\u0105c praktyk\u0119 sceniczn\u0105 z dzia\u0142alno\u015bci\u0105 pedagogiczn\u0105.<\/p>\n<\/details>\n\n\n\n<p><\/p>\n\n\n\n<p><\/p>\n","protected":false},"excerpt":{"rendered":"<p>Corelli i Lully na ParnasieSala Operowa nowego kampusu AMFN w Bydgoszczy25 pa\u017adziernika 2025, g. 18:00 WYKONAWCYDariusz Brojek, Krzysztof Antkowiak, Nikoleta<span class=\"more-dots\">&#8230;<\/span><\/p>\n","protected":false},"author":1,"featured_media":0,"parent":0,"menu_order":0,"comment_status":"closed","ping_status":"closed","template":"page-templates\/no-sidebar-no-title.php","meta":{"footnotes":""},"class_list":["post-958","page","type-page","status-publish","hentry","no-post-thumbnail"],"_links":{"self":[{"href":"https:\/\/bydgoskascenabarokowa.pl\/index.php?rest_route=\/wp\/v2\/pages\/958","targetHints":{"allow":["GET"]}}],"collection":[{"href":"https:\/\/bydgoskascenabarokowa.pl\/index.php?rest_route=\/wp\/v2\/pages"}],"about":[{"href":"https:\/\/bydgoskascenabarokowa.pl\/index.php?rest_route=\/wp\/v2\/types\/page"}],"author":[{"embeddable":true,"href":"https:\/\/bydgoskascenabarokowa.pl\/index.php?rest_route=\/wp\/v2\/users\/1"}],"replies":[{"embeddable":true,"href":"https:\/\/bydgoskascenabarokowa.pl\/index.php?rest_route=%2Fwp%2Fv2%2Fcomments&post=958"}],"version-history":[{"count":29,"href":"https:\/\/bydgoskascenabarokowa.pl\/index.php?rest_route=\/wp\/v2\/pages\/958\/revisions"}],"predecessor-version":[{"id":1161,"href":"https:\/\/bydgoskascenabarokowa.pl\/index.php?rest_route=\/wp\/v2\/pages\/958\/revisions\/1161"}],"wp:attachment":[{"href":"https:\/\/bydgoskascenabarokowa.pl\/index.php?rest_route=%2Fwp%2Fv2%2Fmedia&parent=958"}],"curies":[{"name":"wp","href":"https:\/\/api.w.org\/{rel}","templated":true}]}}